{"id":543,"date":"2024-10-16T08:47:38","date_gmt":"2024-10-16T08:47:38","guid":{"rendered":"https:\/\/wpriverthemes.com\/gixus\/?page_id=543"},"modified":"2025-06-26T11:51:57","modified_gmt":"2025-06-26T11:51:57","slug":"kontakt","status":"publish","type":"page","link":"https:\/\/companyformationserbia.rs\/rs\/kontakt\/","title":{"rendered":"Kontakt"},"content":{"rendered":"\t\t<div data-elementor-type=\"wp-page\" data-elementor-id=\"543\" class=\"elementor elementor-543\" data-elementor-post-type=\"page\">\n\t\t\t\t<div class=\"elementor-element elementor-element-be17373 e-con-full e-flex e-con e-parent\" data-id=\"be17373\" data-element_type=\"container\">\n\t\t\t\t<div class=\"elementor-element elementor-element-ade3275 elementor-widget elementor-widget-pages_pages_contact_section\" data-id=\"ade3275\" data-element_type=\"widget\" data-widget_type=\"pages_pages_contact_section.default\">\n\t\t\t\t<div class=\"elementor-widget-container\">\n\t\t\t\t\t        <div class=\"contact-style-one-area overflow-hidden default-padding\">\n            <div class=\"contact-shape\">\n                                <img decoding=\"async\" src=\"https:\/\/companyformationserbia.rs\/rs\/wp-content\/themes\/gixus\/assets\/img\/illustration\/14.png\" alt=\"Image Not Found\">\n                            <\/div>\n            <div class=\"container\">\n                <div class=\"row align-center\">\n                    <div class=\"contact-stye-one col-lg-5 mb-md-50 mb-xs-40\">\n                        <div class=\"contact-style-one-info\">\n                            <h4 class=\"sub-title\">Imate pitanja?<\/h4>\n                            <h2>Kontaktirajte nas<\/h2>\n                            <p>Molimo Vas da nam u poruci pru\u017eite \u0161to vi\u0161e detalja, kako bismo mogli da Vam pomognemo na najbolji mogu\u0107i na\u010din. Na\u0161 tim \u0107e Vam odgovoriti u najkra\u0107em mogu\u0107em roku.<\/p>\n                            <ul>\n                                                                    <li class=\"wow fadeInUp\" data-wow-delay=\"0ms\">\n                                        <div class=\"icon\">\n                                            <i class=\"fas fa-phone-alt\"><\/i>\n                                        <\/div>\n                                        <div class=\"content\">\n                                            <h5 class=\"title\">Telefon<\/h5>\n                                            <a href=\"#\">+381 65 44 11 222<\/a>\n                                        <\/div>\n                                    <\/li>\n                                                                    <li class=\"wow fadeInUp\" data-wow-delay=\"250ms\">\n                                        <div class=\"icon\">\n                                            <i class=\"fas fa-map-marker-alt\"><\/i>\n                                        <\/div>\n                                        <div class=\"content\">\n                                            <h5 class=\"title\">Na\u0161e kancelarije<\/h5>\n                                            <a href=\"\">Kancelarija 1: Matije Korvina 15, 24000 Subotica<\/br>\nKancelarija 2: Smiljani\u0107eva 6, 11000 Beograd<\/a>\n                                        <\/div>\n                                    <\/li>\n                                                                    <li class=\"wow fadeInUp\" data-wow-delay=\"500ms\">\n                                        <div class=\"icon\">\n                                            <i class=\"fas fa-envelope-open-text\"><\/i>\n                                        <\/div>\n                                        <div class=\"content\">\n                                            <h5 class=\"title\">Email adresa<\/h5>\n                                            <a href=\"#\">office@primesolutions.rs<\/a>\n                                        <\/div>\n                                    <\/li>\n                                                            <\/ul>\n                        <\/div>\n                    <\/div>\n                    <div class=\"contact-stye-one col-lg-7 pl-60 pl-md-15 pl-xs-15\">\n                        <div class=\"contact-form-style-one\">\n                            <h2 class=\"heading\">Po\u0161aljite poruku<\/h2>\n                            \n<div class=\"wpcf7 no-js\" id=\"wpcf7-f542-o1\" lang=\"en-US\" dir=\"ltr\" data-wpcf7-id=\"542\">\n<div class=\"screen-reader-response\"><p role=\"status\" aria-live=\"polite\" aria-atomic=\"true\"><\/p> <ul><\/ul><\/div>\n<form action=\"\/rs\/wp-json\/wp\/v2\/pages\/543#wpcf7-f542-o1\" method=\"post\" class=\"wpcf7-form init\" aria-label=\"Contact form\" novalidate=\"novalidate\" data-status=\"init\">\n<fieldset class=\"hidden-fields-container\"><input type=\"hidden\" name=\"_wpcf7\" value=\"542\" \/><input type=\"hidden\" name=\"_wpcf7_version\" value=\"6.1\" \/><input type=\"hidden\" name=\"_wpcf7_locale\" value=\"en_US\" \/><input type=\"hidden\" name=\"_wpcf7_unit_tag\" value=\"wpcf7-f542-o1\" \/><input type=\"hidden\" name=\"_wpcf7_container_post\" value=\"0\" \/><input type=\"hidden\" name=\"_wpcf7_posted_data_hash\" value=\"\" \/>\n<\/fieldset>\n<div class=\"row\">\n    <div class=\"col-lg-12\">\n        <div class=\"form-group\">\n<span class=\"wpcf7-form-control-wrap\" data-name=\"name1\"><input size=\"40\" maxlength=\"400\" class=\"wpcf7-form-control wpcf7-text wpcf7-validates-as-required form-control\" aria-required=\"true\" aria-invalid=\"false\" placeholder=\"Ime\" value=\"\" type=\"text\" name=\"name1\" \/><\/span>\n            <span class=\"alert-error\"><\/span>\n        <\/div>\n    <\/div>\n<\/div>\n<div class=\"row\">\n    <div class=\"col-lg-6\">\n        <div class=\"form-group\">\n<span class=\"wpcf7-form-control-wrap\" data-name=\"email-480\"><input size=\"40\" maxlength=\"400\" class=\"wpcf7-form-control wpcf7-email wpcf7-validates-as-required wpcf7-text wpcf7-validates-as-email form-control\" aria-required=\"true\" aria-invalid=\"false\" placeholder=\"Email adresa\" value=\"\" type=\"email\" name=\"email-480\" \/><\/span>\n            <span class=\"alert-error\"><\/span>\n        <\/div>\n    <\/div>\n    <div class=\"col-lg-6\">\n        <div class=\"form-group\">\n<span class=\"wpcf7-form-control-wrap\" data-name=\"phone\"><input size=\"40\" maxlength=\"400\" class=\"wpcf7-form-control wpcf7-text wpcf7-validates-as-required form-control\" aria-required=\"true\" aria-invalid=\"false\" placeholder=\"Telefon\" value=\"\" type=\"text\" name=\"phone\" \/><\/span>\n            <span class=\"alert-error\"><\/span>\n        <\/div>\n    <\/div>\n<\/div>\n<div class=\"row\">\n    <div class=\"col-lg-12\">\n        <div class=\"form-group comments\">\n<span class=\"wpcf7-form-control-wrap\" data-name=\"comments\"><textarea cols=\"40\" rows=\"10\" maxlength=\"2000\" class=\"wpcf7-form-control wpcf7-textarea wpcf7-validates-as-required form-control\" aria-required=\"true\" aria-invalid=\"false\" placeholder=\"Va\u0161a poruka\" name=\"comments\"><\/textarea><\/span>\n        <\/div>\n    <\/div>\n<\/div>\n<div class=\"row\">\n    <div class=\"col-lg-12\">\n        <button type=\"submit\" name=\"submit\" id=\"submit\">\n            <i class=\"fa fa-paper-plane\"><\/i> Po\u0161aljite upit\n        <\/button>\n    <\/div>\n<\/div>\n<!-- Alert Message -->\n<div class=\"col-lg-12 alert-notification\">\n    <div id=\"message\" class=\"alert-msg\"><\/div>\n<\/div><p style=\"display: none !important;\" class=\"akismet-fields-container\" data-prefix=\"_wpcf7_ak_\"><label>&#916;<textarea name=\"_wpcf7_ak_hp_textarea\" cols=\"45\" rows=\"8\" maxlength=\"100\"><\/textarea><\/label><input type=\"hidden\" id=\"ak_js_1\" name=\"_wpcf7_ak_js\" value=\"141\"\/><script>document.getElementById( \"ak_js_1\" ).setAttribute( \"value\", ( new Date() ).getTime() );<\/script><\/p><div class=\"wpcf7-response-output\" aria-hidden=\"true\"><\/div>\n<\/form>\n<\/div>\n                        <\/div>\n                    <\/div>\n                <\/div>\n            <\/div>\n        <\/div>\n        \t\t\t\t<\/div>\n\t\t\t\t<\/div>\n\t\t\t\t<\/div>\n\t\t<div class=\"elementor-element elementor-element-38e3051 e-con-full e-flex e-con e-parent\" data-id=\"38e3051\" data-element_type=\"container\">\n\t\t\t\t<div class=\"elementor-element elementor-element-60dffe4 elementor-widget elementor-widget-pages_contact_map\" data-id=\"60dffe4\" data-element_type=\"widget\" data-widget_type=\"pages_contact_map.default\">\n\t\t\t\t<div class=\"elementor-widget-container\">\n\t\t\t\t\t        <!-- Start Map -->\n        <div class=\"maps-area bg-gray overflow-hidden\">\n            <div class=\"google-maps\">\n                <iframe src=\"https:\/\/www.google.com\/maps\/embed?pb=!1m18!1m12!1m3!1d2481.8511524355035!2d19.6676257!3d46.1025864!2m3!1f0!2f0!3f0!3m2!1i1024!2i768!4f13.1!3m3!1m2!1s0x474366c906d18c91%3A0x44429c1036b1980b!2z0JzQsNGC0LjRmNC1INCa0L7RgNCy0LjQvdCwIDE1LCDQodGD0LHQvtGC0LjRhtCwIDI0MDAw!5e1!3m2!1ssr!2srs!4v1750938669964!5m2!1ssr!2srs\" width=\"600\" height=\"450\" style=\"border:0;\" allowfullscreen=\"\" loading=\"lazy\"><\/iframe>\n            <\/div>\n        <\/div>\n        <!-- End Map -->\n        \t\t\t\t<\/div>\n\t\t\t\t<\/div>\n\t\t\t\t<\/div>\n\t\t\t\t<\/div>\n\t\t","protected":false},"excerpt":{"rendered":"<p>Imate pitanja? Kontaktirajte nas Molimo Vas da nam u poruci pru\u017eite \u0161to vi\u0161e detalja, kako bismo mogli da Vam pomognemo na najbolji mogu\u0107i na\u010din. Na\u0161 tim \u0107e Vam odgovoriti u najkra\u0107em mogu\u0107em roku. Telefon +381 65 44 11 222 Na\u0161e kancelarije Kancelarija 1: Matije Korvina 15, 24000 Subotica Kancelarija 2: Smiljani\u0107eva 6, 11000 Beograd Email [&hellip;]<\/p>\n","protected":false},"author":1,"featured_media":0,"parent":0,"menu_order":0,"comment_status":"closed","ping_status":"closed","template":"page-templates\/home.php","meta":{"inline_featured_image":false,"footnotes":""},"class_list":["post-543","page","type-page","status-publish","hentry"],"aioseo_notices":[],"_links":{"self":[{"href":"https:\/\/companyformationserbia.rs\/rs\/wp-json\/wp\/v2\/pages\/543","targetHints":{"allow":["GET"]}}],"collection":[{"href":"https:\/\/companyformationserbia.rs\/rs\/wp-json\/wp\/v2\/pages"}],"about":[{"href":"https:\/\/companyformationserbia.rs\/rs\/wp-json\/wp\/v2\/types\/page"}],"author":[{"embeddable":true,"href":"https:\/\/companyformationserbia.rs\/rs\/wp-json\/wp\/v2\/users\/1"}],"replies":[{"embeddable":true,"href":"https:\/\/companyformationserbia.rs\/rs\/wp-json\/wp\/v2\/comments?post=543"}],"version-history":[{"count":10,"href":"https:\/\/companyformationserbia.rs\/rs\/wp-json\/wp\/v2\/pages\/543\/revisions"}],"predecessor-version":[{"id":2042,"href":"https:\/\/companyformationserbia.rs\/rs\/wp-json\/wp\/v2\/pages\/543\/revisions\/2042"}],"wp:attachment":[{"href":"https:\/\/companyformationserbia.rs\/rs\/wp-json\/wp\/v2\/media?parent=543"}],"curies":[{"name":"wp","href":"https:\/\/api.w.org\/{rel}","templated":true}]}}